{"id":1980,"date":"2021-04-15T11:24:39","date_gmt":"2021-04-15T10:24:39","guid":{"rendered":"https:\/\/terapie-po-netu.cz\/?page_id=1980"},"modified":"2021-04-18T06:10:06","modified_gmt":"2021-04-18T05:10:06","slug":"kosik","status":"publish","type":"page","link":"https:\/\/terapie-po-netu.cz\/?page_id=1980","title":{"rendered":"Ko\u0161\u00edk"},"content":{"rendered":"<p>[woocommerce_cart]<\/p>\n","protected":false},"excerpt":{"rendered":"","protected":false},"author":1,"featured_media":0,"parent":0,"menu_order":0,"comment_status":"closed","ping_status":"closed","template":"","meta":{"jetpack_post_was_ever_published":false,"footnotes":"","_links_to":"","_links_to_target":""},"class_list":["post-1980","page","type-page","status-publish","hentry"],"yoast_head":"<!-- This site is optimized with the Yoast SEO plugin v27.2 - https:\/\/yoast.com\/product\/yoast-seo-wordpress\/ -->\n<title>Ko\u0161\u00edk - Terapie a mentoring<\/title>\n<meta name=\"robots\" content=\"index, follow, max-snippet:-1, max-image-preview:large, max-video-preview:-1\" \/>\n<link rel=\"canonical\" href=\"https:\/\/terapie-po-netu.cz\/?page_id=1980\" \/>\n<meta property=\"og:locale\" content=\"cs_CZ\" \/>\n<meta property=\"og:type\" content=\"article\" \/>\n<meta property=\"og:title\" content=\"Ko\u0161\u00edk - Terapie a mentoring\" \/>\n<meta property=\"og:url\" content=\"https:\/\/terapie-po-netu.cz\/?page_id=1980\" \/>\n<meta property=\"og:site_name\" content=\"Terapie a mentoring\" \/>\n<meta property=\"article:modified_time\" content=\"2021-04-18T05:10:06+00:00\" \/>\n<meta name=\"twitter:card\" content=\"summary_large_image\" \/>\n<meta name=\"twitter:label1\" content=\"Odhadovan\u00e1 doba \u010dten\u00ed\" \/>\n\t<meta name=\"twitter:data1\" content=\"1 minuta\" \/>\n<script type=\"application\/ld+json\" class=\"yoast-schema-graph\">{\"@context\":\"https:\/\/schema.org\",\"@graph\":[{\"@type\":\"WebPage\",\"@id\":\"https:\/\/terapie-po-netu.cz\/?page_id=1980\",\"url\":\"https:\/\/terapie-po-netu.cz\/?page_id=1980\",\"name\":\"Ko\u0161\u00edk - Terapie a mentoring\",\"isPartOf\":{\"@id\":\"https:\/\/terapie-po-netu.cz\/#website\"},\"datePublished\":\"2021-04-15T10:24:39+00:00\",\"dateModified\":\"2021-04-18T05:10:06+00:00\",\"breadcrumb\":{\"@id\":\"https:\/\/terapie-po-netu.cz\/?page_id=1980#breadcrumb\"},\"inLanguage\":\"cs\",\"potentialAction\":[{\"@type\":\"ReadAction\",\"target\":[\"https:\/\/terapie-po-netu.cz\/?page_id=1980\"]}]},{\"@type\":\"BreadcrumbList\",\"@id\":\"https:\/\/terapie-po-netu.cz\/?page_id=1980#breadcrumb\",\"itemListElement\":[{\"@type\":\"ListItem\",\"position\":1,\"name\":\"Dom\u016f\",\"item\":\"https:\/\/terapie-po-netu.cz\/\"},{\"@type\":\"ListItem\",\"position\":2,\"name\":\"Ko\u0161\u00edk\"}]},{\"@type\":\"WebSite\",\"@id\":\"https:\/\/terapie-po-netu.cz\/#website\",\"url\":\"https:\/\/terapie-po-netu.cz\/\",\"name\":\"Terapie a mentoring\",\"description\":\"Jana Pra\u017eanov\u00e1\",\"potentialAction\":[{\"@type\":\"SearchAction\",\"target\":{\"@type\":\"EntryPoint\",\"urlTemplate\":\"https:\/\/terapie-po-netu.cz\/?s={search_term_string}\"},\"query-input\":{\"@type\":\"PropertyValueSpecification\",\"valueRequired\":true,\"valueName\":\"search_term_string\"}}],\"inLanguage\":\"cs\"}]}<\/script>\n<!-- \/ Yoast SEO plugin. -->","yoast_head_json":{"title":"Ko\u0161\u00edk - Terapie a mentoring","robots":{"index":"index","follow":"follow","max-snippet":"max-snippet:-1","max-image-preview":"max-image-preview:large","max-video-preview":"max-video-preview:-1"},"canonical":"https:\/\/terapie-po-netu.cz\/?page_id=1980","og_locale":"cs_CZ","og_type":"article","og_title":"Ko\u0161\u00edk - Terapie a mentoring","og_url":"https:\/\/terapie-po-netu.cz\/?page_id=1980","og_site_name":"Terapie a mentoring","article_modified_time":"2021-04-18T05:10:06+00:00","twitter_card":"summary_large_image","twitter_misc":{"Odhadovan\u00e1 doba \u010dten\u00ed":"1 minuta"},"schema":{"@context":"https:\/\/schema.org","@graph":[{"@type":"WebPage","@id":"https:\/\/terapie-po-netu.cz\/?page_id=1980","url":"https:\/\/terapie-po-netu.cz\/?page_id=1980","name":"Ko\u0161\u00edk - Terapie a mentoring","isPartOf":{"@id":"https:\/\/terapie-po-netu.cz\/#website"},"datePublished":"2021-04-15T10:24:39+00:00","dateModified":"2021-04-18T05:10:06+00:00","breadcrumb":{"@id":"https:\/\/terapie-po-netu.cz\/?page_id=1980#breadcrumb"},"inLanguage":"cs","potentialAction":[{"@type":"ReadAction","target":["https:\/\/terapie-po-netu.cz\/?page_id=1980"]}]},{"@type":"BreadcrumbList","@id":"https:\/\/terapie-po-netu.cz\/?page_id=1980#breadcrumb","itemListElement":[{"@type":"ListItem","position":1,"name":"Dom\u016f","item":"https:\/\/terapie-po-netu.cz\/"},{"@type":"ListItem","position":2,"name":"Ko\u0161\u00edk"}]},{"@type":"WebSite","@id":"https:\/\/terapie-po-netu.cz\/#website","url":"https:\/\/terapie-po-netu.cz\/","name":"Terapie a mentoring","description":"Jana Pra\u017eanov\u00e1","potentialAction":[{"@type":"SearchAction","target":{"@type":"EntryPoint","urlTemplate":"https:\/\/terapie-po-netu.cz\/?s={search_term_string}"},"query-input":{"@type":"PropertyValueSpecification","valueRequired":true,"valueName":"search_term_string"}}],"inLanguage":"cs"}]}},"jetpack_shortlink":"https:\/\/wp.me\/P4XxZX-vW","jetpack_sharing_enabled":true,"jetpack_likes_enabled":true,"_links":{"self":[{"href":"https:\/\/terapie-po-netu.cz\/index.php?rest_route=\/wp\/v2\/pages\/1980","targetHints":{"allow":["GET"]}}],"collection":[{"href":"https:\/\/terapie-po-netu.cz\/index.php?rest_route=\/wp\/v2\/pages"}],"about":[{"href":"https:\/\/terapie-po-netu.cz\/index.php?rest_route=\/wp\/v2\/types\/page"}],"author":[{"embeddable":true,"href":"https:\/\/terapie-po-netu.cz\/index.php?rest_route=\/wp\/v2\/users\/1"}],"replies":[{"embeddable":true,"href":"https:\/\/terapie-po-netu.cz\/index.php?rest_route=%2Fwp%2Fv2%2Fcomments&post=1980"}],"version-history":[{"count":3,"href":"https:\/\/terapie-po-netu.cz\/index.php?rest_route=\/wp\/v2\/pages\/1980\/revisions"}],"predecessor-version":[{"id":2083,"href":"https:\/\/terapie-po-netu.cz\/index.php?rest_route=\/wp\/v2\/pages\/1980\/revisions\/2083"}],"wp:attachment":[{"href":"https:\/\/terapie-po-netu.cz\/index.php?rest_route=%2Fwp%2Fv2%2Fmedia&parent=1980"}],"curies":[{"name":"wp","href":"https:\/\/api.w.org\/{rel}","templated":true}]}}