{"id":344,"date":"2013-09-03T10:48:33","date_gmt":"2013-09-03T09:48:33","guid":{"rendered":"http:\/\/www.terapie-po-netu.cz\/?page_id=344"},"modified":"2026-02-23T17:21:06","modified_gmt":"2026-02-23T16:21:06","slug":"kontakt","status":"publish","type":"page","link":"https:\/\/terapie-po-netu.cz\/?page_id=344","title":{"rendered":"Kontakt a cena"},"content":{"rendered":"<p style=\"text-align: center;\"><a href=\"http:\/\/77899.w99.wedos.ws\/wp-content\/uploads\/2014\/08\/Jana-Pra\u017eanov\u00e1.jpg\"><img loading=\"lazy\" decoding=\"async\" class=\"alignright wp-image-645 size-medium\" src=\"http:\/\/77899.w99.wedos.ws\/wp-content\/uploads\/2014\/08\/Jana-Pra\u017eanov\u00e1-252x300.jpg\" alt=\"Jana Pra\u017eanov\u00e1\" width=\"252\" height=\"300\" srcset=\"https:\/\/terapie-po-netu.cz\/wp-content\/uploads\/2014\/08\/Jana-Pra\u017eanov\u00e1-252x300.jpg 252w, https:\/\/terapie-po-netu.cz\/wp-content\/uploads\/2014\/08\/Jana-Pra\u017eanov\u00e1-600x712.jpg 600w, https:\/\/terapie-po-netu.cz\/wp-content\/uploads\/2014\/08\/Jana-Pra\u017eanov\u00e1-863x1024.jpg 863w, https:\/\/terapie-po-netu.cz\/wp-content\/uploads\/2014\/08\/Jana-Pra\u017eanov\u00e1.jpg 1404w\" sizes=\"auto, (max-width: 252px) 100vw, 252px\" \/><\/a><\/p>\n<p style=\"text-align: center;\">Ing. Jana Pra\u017eanov\u00e1<\/p>\n<p style=\"text-align: center;\">B\u00e1nov u Uhersk\u00e9ho Brodu 155<\/p>\n<p style=\"text-align: center;\"><a href=\"http:\/\/www.mapy.cz\/#!x=17.721486&amp;y=48.986462&amp;z=15&amp;t=s&amp;q=B%25C3%25A1nov%2520155&amp;qp=17.666666_48.970541_17.776986_49.006084_12&amp;d=addr_9562173_1\">B\u00e1nov 155 na map\u011b<\/a><\/p>\n<p style=\"text-align: center;\">+420 608 120 042<\/p>\n<p style=\"text-align: center;\"><a href=\"mailto:jprazanova@gmail.com\">jprazanova@gmail.com<\/a><\/p>\n<p style=\"text-align: center;\">www.terapie-po-netu.cz<\/p>\n<p style=\"text-align: center;\"><strong>Cena za konzultaci<\/strong> <strong>je 1.000 K\u010d\/hodina.<\/strong><\/p>\n<p style=\"text-align: center;\">Konzultace obvykle trv\u00e1 hodinu.<\/p>\n<p style=\"text-align: center;\">V sobotu, v ned\u011bli a o sv\u00e1tc\u00edch je cena za konzultaci 1.200,- K\u010d\/hodina.<\/p>\n<p style=\"text-align: center;\">\u010c\u00edslo \u00fa\u010dtu: 2700390619\/2010<\/p>\n<p style=\"text-align: center;\">Konzultace p\u0159es videohovor nebo po telefonu &#8211; viz <a href=\"http:\/\/terapie-po-netu.cz\/?page_id=299\">Online konzultace<\/a><\/p>\n<p style=\"text-align: center;\"><strong>Mas\u00e1\u017ee<\/strong> i lymfatick\u00e9 mas\u00e1\u017ee t\u011bla a obli\u010deje <strong>\u00fa\u010dtuji cenou 500,- K\u010d za celou hodinu.<\/strong><\/p>\n<p style=\"text-align: center;\">Mas\u00e1\u017e obvykle trv\u00e1 hodinu.<\/p>\n<figure id=\"attachment_1016\" aria-describedby=\"caption-attachment-1016\" style=\"width: 260px\" class=\"wp-caption alignnone\"><a href=\"http:\/\/terapie-po-netu.cz\/wp-content\/uploads\/2013\/04\/moje-QR-vizitka-poradna.png\"><img loading=\"lazy\" decoding=\"async\" class=\"size-full wp-image-1016\" src=\"http:\/\/terapie-po-netu.cz\/wp-content\/uploads\/2013\/04\/moje-QR-vizitka-poradna.png\" alt=\"QR vizitka - Ing. Pra\u017eanov\u00e1\" width=\"260\" height=\"260\" srcset=\"https:\/\/terapie-po-netu.cz\/wp-content\/uploads\/2013\/04\/moje-QR-vizitka-poradna.png 260w, https:\/\/terapie-po-netu.cz\/wp-content\/uploads\/2013\/04\/moje-QR-vizitka-poradna-100x100.png 100w, https:\/\/terapie-po-netu.cz\/wp-content\/uploads\/2013\/04\/moje-QR-vizitka-poradna-150x150.png 150w\" sizes=\"auto, (max-width: 260px) 100vw, 260px\" \/><\/a><figcaption id=\"caption-attachment-1016\" class=\"wp-caption-text\">QR vizitka &#8211; Ing. Pra\u017eanov\u00e1<\/figcaption><\/figure>\n<p style=\"text-align: center;\">\n","protected":false},"excerpt":{"rendered":"<p>Ing. Jana Pra\u017eanov\u00e1 B\u00e1nov u Uhersk\u00e9ho Brodu 155 B\u00e1nov 155 na map\u011b +420 608 120 042 jprazanova@gmail.com www.terapie-po-netu.cz Cena za konzultaci je [&hellip;]<\/p>\n","protected":false},"author":1,"featured_media":0,"parent":0,"menu_order":12,"comment_status":"closed","ping_status":"closed","template":"","meta":{"jetpack_post_was_ever_published":false,"footnotes":"","_links_to":"","_links_to_target":""},"class_list":["post-344","page","type-page","status-publish","hentry"],"yoast_head":"<!-- This site is optimized with the Yoast SEO plugin v27.2 - https:\/\/yoast.com\/product\/yoast-seo-wordpress\/ -->\n<title>Kontakt a cena pro terapie a kou\u010dov\u00e1n\u00ed - Ing. Jana Pra\u017eanov\u00e1<\/title>\n<meta name=\"description\" content=\"Nab\u00edz\u00edm pomoc p\u0159i n\u00edzk\u00e9m sebev\u011bdom\u00ed, strachu, \u00fazkosti, probl\u00e9mech ve vztaz\u00edch, emo\u010dn\u00ed \u010di fyzick\u00e9 bolesti i videohovorem.\" \/>\n<meta name=\"robots\" content=\"index, follow, max-snippet:-1, max-image-preview:large, max-video-preview:-1\" \/>\n<link rel=\"canonical\" href=\"https:\/\/terapie-po-netu.cz\/?page_id=344\" \/>\n<meta property=\"og:locale\" content=\"cs_CZ\" \/>\n<meta property=\"og:type\" content=\"article\" \/>\n<meta property=\"og:title\" content=\"Kontakt a cena pro terapie a kou\u010dov\u00e1n\u00ed - Ing. Jana Pra\u017eanov\u00e1\" \/>\n<meta property=\"og:description\" content=\"Nab\u00edz\u00edm pomoc p\u0159i n\u00edzk\u00e9m sebev\u011bdom\u00ed, strachu, \u00fazkosti, probl\u00e9mech ve vztaz\u00edch, emo\u010dn\u00ed \u010di fyzick\u00e9 bolesti i videohovorem.\" \/>\n<meta property=\"og:url\" content=\"https:\/\/terapie-po-netu.cz\/?page_id=344\" \/>\n<meta property=\"og:site_name\" content=\"Terapie a mentoring\" \/>\n<meta property=\"article:modified_time\" content=\"2026-02-23T16:21:06+00:00\" \/>\n<meta property=\"og:image\" content=\"http:\/\/terapie-po-netu.cz\/wp-content\/uploads\/2013\/04\/moje-QR-vizitka-poradna.png\" \/>\n<meta name=\"twitter:card\" content=\"summary_large_image\" \/>\n<meta name=\"twitter:label1\" content=\"Odhadovan\u00e1 doba \u010dten\u00ed\" \/>\n\t<meta name=\"twitter:data1\" content=\"1 minuta\" \/>\n<script type=\"application\/ld+json\" class=\"yoast-schema-graph\">{\"@context\":\"https:\/\/schema.org\",\"@graph\":[{\"@type\":\"WebPage\",\"@id\":\"https:\/\/terapie-po-netu.cz\/?page_id=344\",\"url\":\"https:\/\/terapie-po-netu.cz\/?page_id=344\",\"name\":\"Kontakt a cena pro terapie a kou\u010dov\u00e1n\u00ed - Ing. Jana Pra\u017eanov\u00e1\",\"isPartOf\":{\"@id\":\"https:\/\/terapie-po-netu.cz\/#website\"},\"primaryImageOfPage\":{\"@id\":\"https:\/\/terapie-po-netu.cz\/?page_id=344#primaryimage\"},\"image\":{\"@id\":\"https:\/\/terapie-po-netu.cz\/?page_id=344#primaryimage\"},\"thumbnailUrl\":\"http:\/\/terapie-po-netu.cz\/wp-content\/uploads\/2013\/04\/moje-QR-vizitka-poradna.png\",\"datePublished\":\"2013-09-03T09:48:33+00:00\",\"dateModified\":\"2026-02-23T16:21:06+00:00\",\"description\":\"Nab\u00edz\u00edm pomoc p\u0159i n\u00edzk\u00e9m sebev\u011bdom\u00ed, strachu, \u00fazkosti, probl\u00e9mech ve vztaz\u00edch, emo\u010dn\u00ed \u010di fyzick\u00e9 bolesti i videohovorem.\",\"breadcrumb\":{\"@id\":\"https:\/\/terapie-po-netu.cz\/?page_id=344#breadcrumb\"},\"inLanguage\":\"cs\",\"potentialAction\":[{\"@type\":\"ReadAction\",\"target\":[\"https:\/\/terapie-po-netu.cz\/?page_id=344\"]}]},{\"@type\":\"ImageObject\",\"inLanguage\":\"cs\",\"@id\":\"https:\/\/terapie-po-netu.cz\/?page_id=344#primaryimage\",\"url\":\"http:\/\/terapie-po-netu.cz\/wp-content\/uploads\/2013\/04\/moje-QR-vizitka-poradna.png\",\"contentUrl\":\"http:\/\/terapie-po-netu.cz\/wp-content\/uploads\/2013\/04\/moje-QR-vizitka-poradna.png\"},{\"@type\":\"BreadcrumbList\",\"@id\":\"https:\/\/terapie-po-netu.cz\/?page_id=344#breadcrumb\",\"itemListElement\":[{\"@type\":\"ListItem\",\"position\":1,\"name\":\"Dom\u016f\",\"item\":\"https:\/\/terapie-po-netu.cz\/\"},{\"@type\":\"ListItem\",\"position\":2,\"name\":\"Kontakt a cena\"}]},{\"@type\":\"WebSite\",\"@id\":\"https:\/\/terapie-po-netu.cz\/#website\",\"url\":\"https:\/\/terapie-po-netu.cz\/\",\"name\":\"Terapie a mentoring\",\"description\":\"Jana Pra\u017eanov\u00e1\",\"potentialAction\":[{\"@type\":\"SearchAction\",\"target\":{\"@type\":\"EntryPoint\",\"urlTemplate\":\"https:\/\/terapie-po-netu.cz\/?s={search_term_string}\"},\"query-input\":{\"@type\":\"PropertyValueSpecification\",\"valueRequired\":true,\"valueName\":\"search_term_string\"}}],\"inLanguage\":\"cs\"}]}<\/script>\n<!-- \/ Yoast SEO plugin. -->","yoast_head_json":{"title":"Kontakt a cena pro terapie a kou\u010dov\u00e1n\u00ed - Ing. Jana Pra\u017eanov\u00e1","description":"Nab\u00edz\u00edm pomoc p\u0159i n\u00edzk\u00e9m sebev\u011bdom\u00ed, strachu, \u00fazkosti, probl\u00e9mech ve vztaz\u00edch, emo\u010dn\u00ed \u010di fyzick\u00e9 bolesti i videohovorem.","robots":{"index":"index","follow":"follow","max-snippet":"max-snippet:-1","max-image-preview":"max-image-preview:large","max-video-preview":"max-video-preview:-1"},"canonical":"https:\/\/terapie-po-netu.cz\/?page_id=344","og_locale":"cs_CZ","og_type":"article","og_title":"Kontakt a cena pro terapie a kou\u010dov\u00e1n\u00ed - Ing. Jana Pra\u017eanov\u00e1","og_description":"Nab\u00edz\u00edm pomoc p\u0159i n\u00edzk\u00e9m sebev\u011bdom\u00ed, strachu, \u00fazkosti, probl\u00e9mech ve vztaz\u00edch, emo\u010dn\u00ed \u010di fyzick\u00e9 bolesti i videohovorem.","og_url":"https:\/\/terapie-po-netu.cz\/?page_id=344","og_site_name":"Terapie a mentoring","article_modified_time":"2026-02-23T16:21:06+00:00","og_image":[{"url":"http:\/\/terapie-po-netu.cz\/wp-content\/uploads\/2013\/04\/moje-QR-vizitka-poradna.png","type":"","width":"","height":""}],"twitter_card":"summary_large_image","twitter_misc":{"Odhadovan\u00e1 doba \u010dten\u00ed":"1 minuta"},"schema":{"@context":"https:\/\/schema.org","@graph":[{"@type":"WebPage","@id":"https:\/\/terapie-po-netu.cz\/?page_id=344","url":"https:\/\/terapie-po-netu.cz\/?page_id=344","name":"Kontakt a cena pro terapie a kou\u010dov\u00e1n\u00ed - Ing. Jana Pra\u017eanov\u00e1","isPartOf":{"@id":"https:\/\/terapie-po-netu.cz\/#website"},"primaryImageOfPage":{"@id":"https:\/\/terapie-po-netu.cz\/?page_id=344#primaryimage"},"image":{"@id":"https:\/\/terapie-po-netu.cz\/?page_id=344#primaryimage"},"thumbnailUrl":"http:\/\/terapie-po-netu.cz\/wp-content\/uploads\/2013\/04\/moje-QR-vizitka-poradna.png","datePublished":"2013-09-03T09:48:33+00:00","dateModified":"2026-02-23T16:21:06+00:00","description":"Nab\u00edz\u00edm pomoc p\u0159i n\u00edzk\u00e9m sebev\u011bdom\u00ed, strachu, \u00fazkosti, probl\u00e9mech ve vztaz\u00edch, emo\u010dn\u00ed \u010di fyzick\u00e9 bolesti i videohovorem.","breadcrumb":{"@id":"https:\/\/terapie-po-netu.cz\/?page_id=344#breadcrumb"},"inLanguage":"cs","potentialAction":[{"@type":"ReadAction","target":["https:\/\/terapie-po-netu.cz\/?page_id=344"]}]},{"@type":"ImageObject","inLanguage":"cs","@id":"https:\/\/terapie-po-netu.cz\/?page_id=344#primaryimage","url":"http:\/\/terapie-po-netu.cz\/wp-content\/uploads\/2013\/04\/moje-QR-vizitka-poradna.png","contentUrl":"http:\/\/terapie-po-netu.cz\/wp-content\/uploads\/2013\/04\/moje-QR-vizitka-poradna.png"},{"@type":"BreadcrumbList","@id":"https:\/\/terapie-po-netu.cz\/?page_id=344#breadcrumb","itemListElement":[{"@type":"ListItem","position":1,"name":"Dom\u016f","item":"https:\/\/terapie-po-netu.cz\/"},{"@type":"ListItem","position":2,"name":"Kontakt a cena"}]},{"@type":"WebSite","@id":"https:\/\/terapie-po-netu.cz\/#website","url":"https:\/\/terapie-po-netu.cz\/","name":"Terapie a mentoring","description":"Jana Pra\u017eanov\u00e1","potentialAction":[{"@type":"SearchAction","target":{"@type":"EntryPoint","urlTemplate":"https:\/\/terapie-po-netu.cz\/?s={search_term_string}"},"query-input":{"@type":"PropertyValueSpecification","valueRequired":true,"valueName":"search_term_string"}}],"inLanguage":"cs"}]}},"jetpack_shortlink":"https:\/\/wp.me\/P4XxZX-5y","jetpack_sharing_enabled":true,"jetpack_likes_enabled":true,"_links":{"self":[{"href":"https:\/\/terapie-po-netu.cz\/index.php?rest_route=\/wp\/v2\/pages\/344","targetHints":{"allow":["GET"]}}],"collection":[{"href":"https:\/\/terapie-po-netu.cz\/index.php?rest_route=\/wp\/v2\/pages"}],"about":[{"href":"https:\/\/terapie-po-netu.cz\/index.php?rest_route=\/wp\/v2\/types\/page"}],"author":[{"embeddable":true,"href":"https:\/\/terapie-po-netu.cz\/index.php?rest_route=\/wp\/v2\/users\/1"}],"replies":[{"embeddable":true,"href":"https:\/\/terapie-po-netu.cz\/index.php?rest_route=%2Fwp%2Fv2%2Fcomments&post=344"}],"version-history":[{"count":38,"href":"https:\/\/terapie-po-netu.cz\/index.php?rest_route=\/wp\/v2\/pages\/344\/revisions"}],"predecessor-version":[{"id":2347,"href":"https:\/\/terapie-po-netu.cz\/index.php?rest_route=\/wp\/v2\/pages\/344\/revisions\/2347"}],"wp:attachment":[{"href":"https:\/\/terapie-po-netu.cz\/index.php?rest_route=%2Fwp%2Fv2%2Fmedia&parent=344"}],"curies":[{"name":"wp","href":"https:\/\/api.w.org\/{rel}","templated":true}]}}