{"id":349,"date":"2013-09-03T10:51:23","date_gmt":"2013-09-03T08:51:23","guid":{"rendered":"http:\/\/www.terapie-po-netu.cz\/?page_id=349"},"modified":"2020-12-15T13:07:41","modified_gmt":"2020-12-15T12:07:41","slug":"prispevky","status":"publish","type":"page","link":"https:\/\/terapie-po-netu.cz\/?page_id=349","title":{"rendered":"P\u0159\u00edsp\u011bvky"},"content":{"rendered":"","protected":false},"excerpt":{"rendered":"","protected":false},"author":1,"featured_media":0,"parent":0,"menu_order":6,"comment_status":"closed","ping_status":"closed","template":"","meta":{"jetpack_post_was_ever_published":false,"footnotes":"","_links_to":"","_links_to_target":""},"class_list":["post-349","page","type-page","status-publish","hentry"],"yoast_head":"<!-- This site is optimized with the Yoast SEO plugin v27.2 - https:\/\/yoast.com\/product\/yoast-seo-wordpress\/ -->\n<title>P\u0159\u00edsp\u011bvky<\/title>\n<meta name=\"description\" content=\"P\u0159ehled \u010dl\u00e1nk\u016f publikovan\u00fdch na webu terapie-po-netu.cz\" \/>\n<meta name=\"robots\" content=\"index, follow, max-snippet:-1, max-image-preview:large, max-video-preview:-1\" \/>\n<link rel=\"canonical\" href=\"https:\/\/terapie-po-netu.cz\/?page_id=349\" \/>\n<meta property=\"og:locale\" content=\"cs_CZ\" \/>\n<meta property=\"og:type\" content=\"article\" \/>\n<meta property=\"og:title\" content=\"P\u0159\u00edsp\u011bvky\" \/>\n<meta property=\"og:description\" content=\"P\u0159ehled \u010dl\u00e1nk\u016f publikovan\u00fdch na webu terapie-po-netu.cz\" \/>\n<meta property=\"og:url\" content=\"https:\/\/terapie-po-netu.cz\/?page_id=349\" \/>\n<meta property=\"og:site_name\" content=\"Terapie a mentoring\" \/>\n<meta property=\"article:modified_time\" content=\"2020-12-15T12:07:41+00:00\" \/>\n<meta name=\"twitter:card\" content=\"summary_large_image\" \/>\n<script type=\"application\/ld+json\" class=\"yoast-schema-graph\">{\"@context\":\"https:\/\/schema.org\",\"@graph\":[{\"@type\":[\"WebPage\",\"CollectionPage\"],\"@id\":\"https:\/\/terapie-po-netu.cz\/?page_id=349\",\"url\":\"https:\/\/terapie-po-netu.cz\/?page_id=349\",\"name\":\"P\u0159\u00edsp\u011bvky\",\"isPartOf\":{\"@id\":\"https:\/\/terapie-po-netu.cz\/#website\"},\"datePublished\":\"2013-09-03T08:51:23+00:00\",\"dateModified\":\"2020-12-15T12:07:41+00:00\",\"description\":\"P\u0159ehled \u010dl\u00e1nk\u016f publikovan\u00fdch na webu terapie-po-netu.cz\",\"breadcrumb\":{\"@id\":\"https:\/\/terapie-po-netu.cz\/?page_id=349#breadcrumb\"},\"inLanguage\":\"cs\"},{\"@type\":\"BreadcrumbList\",\"@id\":\"https:\/\/terapie-po-netu.cz\/?page_id=349#breadcrumb\",\"itemListElement\":[{\"@type\":\"ListItem\",\"position\":1,\"name\":\"Dom\u016f\",\"item\":\"https:\/\/terapie-po-netu.cz\/\"},{\"@type\":\"ListItem\",\"position\":2,\"name\":\"P\u0159\u00edsp\u011bvky\"}]},{\"@type\":\"WebSite\",\"@id\":\"https:\/\/terapie-po-netu.cz\/#website\",\"url\":\"https:\/\/terapie-po-netu.cz\/\",\"name\":\"Terapie a mentoring\",\"description\":\"Jana Pra\u017eanov\u00e1\",\"potentialAction\":[{\"@type\":\"SearchAction\",\"target\":{\"@type\":\"EntryPoint\",\"urlTemplate\":\"https:\/\/terapie-po-netu.cz\/?s={search_term_string}\"},\"query-input\":{\"@type\":\"PropertyValueSpecification\",\"valueRequired\":true,\"valueName\":\"search_term_string\"}}],\"inLanguage\":\"cs\"}]}<\/script>\n<!-- \/ Yoast SEO plugin. -->","yoast_head_json":{"title":"P\u0159\u00edsp\u011bvky","description":"P\u0159ehled \u010dl\u00e1nk\u016f publikovan\u00fdch na webu terapie-po-netu.cz","robots":{"index":"index","follow":"follow","max-snippet":"max-snippet:-1","max-image-preview":"max-image-preview:large","max-video-preview":"max-video-preview:-1"},"canonical":"https:\/\/terapie-po-netu.cz\/?page_id=349","og_locale":"cs_CZ","og_type":"article","og_title":"P\u0159\u00edsp\u011bvky","og_description":"P\u0159ehled \u010dl\u00e1nk\u016f publikovan\u00fdch na webu terapie-po-netu.cz","og_url":"https:\/\/terapie-po-netu.cz\/?page_id=349","og_site_name":"Terapie a mentoring","article_modified_time":"2020-12-15T12:07:41+00:00","twitter_card":"summary_large_image","schema":{"@context":"https:\/\/schema.org","@graph":[{"@type":["WebPage","CollectionPage"],"@id":"https:\/\/terapie-po-netu.cz\/?page_id=349","url":"https:\/\/terapie-po-netu.cz\/?page_id=349","name":"P\u0159\u00edsp\u011bvky","isPartOf":{"@id":"https:\/\/terapie-po-netu.cz\/#website"},"datePublished":"2013-09-03T08:51:23+00:00","dateModified":"2020-12-15T12:07:41+00:00","description":"P\u0159ehled \u010dl\u00e1nk\u016f publikovan\u00fdch na webu terapie-po-netu.cz","breadcrumb":{"@id":"https:\/\/terapie-po-netu.cz\/?page_id=349#breadcrumb"},"inLanguage":"cs"},{"@type":"BreadcrumbList","@id":"https:\/\/terapie-po-netu.cz\/?page_id=349#breadcrumb","itemListElement":[{"@type":"ListItem","position":1,"name":"Dom\u016f","item":"https:\/\/terapie-po-netu.cz\/"},{"@type":"ListItem","position":2,"name":"P\u0159\u00edsp\u011bvky"}]},{"@type":"WebSite","@id":"https:\/\/terapie-po-netu.cz\/#website","url":"https:\/\/terapie-po-netu.cz\/","name":"Terapie a mentoring","description":"Jana Pra\u017eanov\u00e1","potentialAction":[{"@type":"SearchAction","target":{"@type":"EntryPoint","urlTemplate":"https:\/\/terapie-po-netu.cz\/?s={search_term_string}"},"query-input":{"@type":"PropertyValueSpecification","valueRequired":true,"valueName":"search_term_string"}}],"inLanguage":"cs"}]}},"jetpack_shortlink":"https:\/\/wp.me\/P4XxZX-5D","jetpack_sharing_enabled":true,"jetpack_likes_enabled":true,"_links":{"self":[{"href":"https:\/\/terapie-po-netu.cz\/index.php?rest_route=\/wp\/v2\/pages\/349","targetHints":{"allow":["GET"]}}],"collection":[{"href":"https:\/\/terapie-po-netu.cz\/index.php?rest_route=\/wp\/v2\/pages"}],"about":[{"href":"https:\/\/terapie-po-netu.cz\/index.php?rest_route=\/wp\/v2\/types\/page"}],"author":[{"embeddable":true,"href":"https:\/\/terapie-po-netu.cz\/index.php?rest_route=\/wp\/v2\/users\/1"}],"replies":[{"embeddable":true,"href":"https:\/\/terapie-po-netu.cz\/index.php?rest_route=%2Fwp%2Fv2%2Fcomments&post=349"}],"version-history":[{"count":1,"href":"https:\/\/terapie-po-netu.cz\/index.php?rest_route=\/wp\/v2\/pages\/349\/revisions"}],"predecessor-version":[{"id":1776,"href":"https:\/\/terapie-po-netu.cz\/index.php?rest_route=\/wp\/v2\/pages\/349\/revisions\/1776"}],"wp:attachment":[{"href":"https:\/\/terapie-po-netu.cz\/index.php?rest_route=%2Fwp%2Fv2%2Fmedia&parent=349"}],"curies":[{"name":"wp","href":"https:\/\/api.w.org\/{rel}","templated":true}]}}