{"id":38,"date":"2013-04-02T10:49:30","date_gmt":"2013-04-02T08:49:30","guid":{"rendered":"http:\/\/www.terapie-po-netu.cz\/?page_id=38"},"modified":"2024-01-01T14:09:50","modified_gmt":"2024-01-01T13:09:50","slug":"terapie-a-koucovani","status":"publish","type":"page","link":"https:\/\/terapie-po-netu.cz\/","title":{"rendered":"V\u00edtejte na str\u00e1nk\u00e1ch poradny pro regeneraci a rozvoj osobnosti."},"content":{"rendered":"<p>M\u00e1te-li probl\u00e9my v jak\u00e9koliv oblasti \u017eivota (zdrav\u00ed, vztahy, finance, pr\u00e1ce&#8230;) nebo se chcete dostat d\u00e1l ne\u017e jste, pak jste tady spr\u00e1vn\u011b \ud83d\ude42 Nab\u00edz\u00edm V\u00e1m terapie, mentoring a kou\u010dov\u00e1n\u00ed, s v\u00edce ne\u017e dvaceti lety praxe v t\u00e9to oblasti.<\/p>\n<p>Pom\u00e1h\u00e1m lidem vr\u00e1tit zdrav\u00ed, vnit\u0159n\u00ed s\u00edlu a pohodu ke spokojen\u00e9mu, smyslupln\u00e9mu \u017eivotu.<\/p>\n<p><a href=\"http:\/\/77899.w99.wedos.ws\/wp-content\/uploads\/2014\/08\/Jana-Pra\u017eanov\u00e1.jpg\"><img loading=\"lazy\" decoding=\"async\" class=\"alignright wp-image-645 size-medium\" src=\"https:\/\/terapie-po-netu.cz\/wp-content\/uploads\/2014\/08\/Jana-Pra\u017eanov\u00e1-252x300.jpg\" alt=\"Jana Pra\u017eanov\u00e1 - terapie a kou\u010dov\u00e1n\u00ed\" width=\"252\" height=\"300\" srcset=\"https:\/\/terapie-po-netu.cz\/wp-content\/uploads\/2014\/08\/Jana-Pra\u017eanov\u00e1-252x300.jpg 252w, https:\/\/terapie-po-netu.cz\/wp-content\/uploads\/2014\/08\/Jana-Pra\u017eanov\u00e1-600x712.jpg 600w, https:\/\/terapie-po-netu.cz\/wp-content\/uploads\/2014\/08\/Jana-Pra\u017eanov\u00e1-863x1024.jpg 863w, https:\/\/terapie-po-netu.cz\/wp-content\/uploads\/2014\/08\/Jana-Pra\u017eanov\u00e1.jpg 1404w\" sizes=\"auto, (max-width: 252px) 100vw, 252px\" \/><\/a><\/p>\n<h2><strong>S \u010d\u00edm mohu pomoci V\u00e1m<\/strong><strong style=\"font-size: 16px;\">:<\/strong><\/h2>\n<ul>\n<li>strach, \u00fazkost, deprese, fobie<\/li>\n<li>hn\u011bv, z\u00e1\u0161\u0165, odpor<\/li>\n<li>stres<\/li>\n<li>emo\u010dn\u00ed \u010di fyzick\u00e1 bolest<\/li>\n<li>zv\u00fd\u0161en\u00ed sebev\u011bdom\u00ed<\/li>\n<li>probl\u00e9my ve vztahu<\/li>\n<li>probl\u00e9my v&nbsp;pr\u00e1ci (ve \u0161kole&#8230;)<\/li>\n<li>\u0161kodliv\u00e9 n\u00e1vyky a zlozvyky<\/li>\n<li>neschopnost odpustit<\/li>\n<li>dosahov\u00e1n\u00ed va\u0161ich c\u00edl\u016f<\/li>\n<li>\u010di jin\u00e9 z\u00e1le\u017eitosti k \u0159e\u0161en\u00ed &#8211; dle va\u0161\u00ed konkr\u00e9tn\u00ed zak\u00e1zky<\/li>\n<\/ul>\n<p><a class=\"fasc-button fasc-size-xlarge fasc-type-flat\" style=\"background-color: #33809e; color: #ffffff;\" href=\"https:\/\/terapie-po-netu.cz\/?page_id=344\">KONTAKTUJTE MNE<\/a><\/p>\n<p>Konzultace poskytuji v B\u00e1nov\u011b u Uhersk\u00e9ho Brodu (<a href=\"http:\/\/www.mapy.cz\/#%21x=17.721486&amp;y=48.986462&amp;z=15&amp;t=s&amp;q=B%25C3%25A1nov%2520155&amp;qp=17.666666_48.970541_17.776986_49.006084_12&amp;d=addr_9562173_1\">B\u00e1nov 155 na map\u011b)<\/a> nebo&nbsp; prost\u0159ednictv\u00edm videohovoru viz <a href=\"http:\/\/wp.me\/P3xkiL-4P\">Online konzultace<\/a>).<\/p>\n<h3><b>Aktu\u00e1ln\u00ed nab\u00eddka poradny<\/b><\/h3>\n<ol>\n<li>Terapie a kou\u010dov\u00e1n\u00ed metodami: <a href=\"https:\/\/www.terapie-po-netu.cz\/?p=1857\">Kineziologie<\/a>, kognitivn\u011b behavior\u00e1ln\u00ed terapie (<a href=\"http:\/\/terapie-po-netu.cz\/?p=1745\">KBT<\/a>), <a href=\"https:\/\/terapie-po-netu.cz\/?p=1874\">Etikoterapie<\/a>, <a style=\"font-size: inherit;\" href=\"https:\/\/terapie-po-netu.cz\/?p=1233\">Kvantov\u00e1 terapie<\/a>,&nbsp;<a href=\"https:\/\/terapie-po-netu.cz\/?p=1459\">Individu\u00e1ln\u00ed konstelace<\/a>, <a href=\"https:\/\/terapie-po-netu.cz\/?p=1389\">Voice dialog<\/a>, <a style=\"font-size: inherit;\" href=\"https:\/\/terapie-po-netu.cz\/?p=1880\">NLP<\/a> (neurolingvistick\u00e9 programov\u00e1n\u00ed), EFT (techniky emo\u010dn\u00ed svobody),<\/li>\n<li>Kou\u010dov\u00e1n\u00ed v oblasti rozvoje osobnosti<\/li>\n<li>Poradenstv\u00ed p\u0159es internet videohovorem &#8211; viz <a href=\"http:\/\/wp.me\/P3xkiL-4P\">Online konzultace<\/a><b><br \/>\n<\/b><\/li>\n<li><a href=\"https:\/\/terapie-po-netu.cz\/?p=496\">Systemick\u00e9 konstelace<\/a>,<\/li>\n<li><a href=\"https:\/\/terapie-po-netu.cz\/?p=1661\">Rekondi\u010dn\u00ed, regenera\u010dn\u00ed a relaxa\u010dn\u00ed mas\u00e1\u017ee<\/a><\/li>\n<li><a href=\"https:\/\/terapie-po-netu.cz\/?p=1648\">Lymfatick\u00e9 mas\u00e1\u017ee<\/a><\/li>\n<\/ol>\n<p><a class=\"fasc-button fasc-size-xlarge fasc-type-flat\" style=\"background-color: #33809e; color: #ffffff;\" href=\"https:\/\/terapie-po-netu.cz\/?page_id=344\">KONTAKTUJTE MNE<\/a><\/p>\n<h3 style=\"text-align: center;\"><strong>MOTTO:<\/strong><\/h3>\n<p style=\"text-align: center;\"><span style=\"color: #000000;\"><b>Kde je v\u016fle, je i cesta&#8230;<\/b><\/span><\/p>\n<figure id=\"attachment_1016\" aria-describedby=\"caption-attachment-1016\" style=\"width: 260px\" class=\"wp-caption alignnone\"><a href=\"http:\/\/terapie-po-netu.cz\/wp-content\/uploads\/2013\/04\/moje-QR-vizitka-poradna.png\"><img loading=\"lazy\" decoding=\"async\" class=\"wp-image-1016 size-full\" src=\"http:\/\/terapie-po-netu.cz\/wp-content\/uploads\/2013\/04\/moje-QR-vizitka-poradna.png\" alt=\"\" width=\"260\" height=\"260\" srcset=\"https:\/\/terapie-po-netu.cz\/wp-content\/uploads\/2013\/04\/moje-QR-vizitka-poradna.png 260w, https:\/\/terapie-po-netu.cz\/wp-content\/uploads\/2013\/04\/moje-QR-vizitka-poradna-100x100.png 100w, https:\/\/terapie-po-netu.cz\/wp-content\/uploads\/2013\/04\/moje-QR-vizitka-poradna-150x150.png 150w\" sizes=\"auto, (max-width: 260px) 100vw, 260px\" \/><\/a><figcaption id=\"caption-attachment-1016\" class=\"wp-caption-text\">QR vizitka &#8211; Ing. Pra\u017eanov\u00e1<\/figcaption><\/figure>\n<p>Ing. Jana Pra\u017eanov\u00e1<\/p>\n<p>mobil: +420 608 120 042<\/p>\n<p><a href=\"mailto:jprazanova@gmail.com\">jprazanova@gmail.com<\/a><\/p>\n<p>B\u00e1nov u Uhersk\u00e9ho Brodu<\/p>\n<h3>Dopl\u0148uj\u00edc\u00ed obsah webu:<\/h3>\n<p>D\u00e1le V\u00e1m chci na sv\u00e9m webu p\u0159ibl\u00ed\u017eit rozli\u010dn\u00e1 t\u00e9mata z klasick\u00fdch i alternativn\u00edch ozdravn\u00fdch metod,&nbsp; terapeutick\u00fdch a poradensk\u00fdch sm\u011br\u016f, uk\u00e1zat r\u016fzn\u00e9 zp\u016fsoby \u0159e\u0161en\u00ed probl\u00e9m\u016f. Najdete zde tak\u00e9 postupy a n\u00e1vody na dosahov\u00e1n\u00ed c\u00edl\u016f a dal\u0161\u00ed z \u010dl\u00e1nky problematiky kou\u010dov\u00e1n\u00ed. V neposledn\u00ed \u0159ad\u011b se zde zab\u00fdv\u00e1m r\u016fzn\u00fdmi cestami hled\u00e1n\u00ed duchovn\u00edho rozm\u011bru byt\u00ed.<\/p>\n","protected":false},"excerpt":{"rendered":"<p>M\u00e1te-li probl\u00e9my v jak\u00e9koliv oblasti \u017eivota (zdrav\u00ed, vztahy, finance, pr\u00e1ce&#8230;) nebo se chcete dostat d\u00e1l ne\u017e jste, pak jste tady spr\u00e1vn\u011b \ud83d\ude42 [&hellip;]<\/p>\n","protected":false},"author":1,"featured_media":0,"parent":0,"menu_order":0,"comment_status":"open","ping_status":"open","template":"","meta":{"jetpack_post_was_ever_published":false,"footnotes":"","_links_to":"","_links_to_target":""},"class_list":["post-38","page","type-page","status-publish","hentry"],"yoast_head":"<!-- This site is optimized with the Yoast SEO plugin v27.2 - https:\/\/yoast.com\/product\/yoast-seo-wordpress\/ -->\n<title>Terapie, mentoring a kou\u010dov\u00e1n\u00ed p\u0159i probl\u00e9mech r\u016fzn\u00e9ho r\u00e1zu...<\/title>\n<meta name=\"description\" content=\"Terapie, mentoring a kou\u010dov\u00e1n\u00ed metodami: kineziologie, kognitivn\u011b behavior\u00e1ln\u00ed terapie, etiko terapie, voice dialog... Mo\u017eno i videohovorem.\" \/>\n<meta name=\"robots\" content=\"index, follow, max-snippet:-1, max-image-preview:large, max-video-preview:-1\" \/>\n<link rel=\"canonical\" href=\"https:\/\/terapie-po-netu.cz\/\" \/>\n<meta property=\"og:locale\" content=\"cs_CZ\" \/>\n<meta property=\"og:type\" content=\"article\" \/>\n<meta property=\"og:title\" content=\"Terapie, mentoring a kou\u010dov\u00e1n\u00ed p\u0159i probl\u00e9mech r\u016fzn\u00e9ho r\u00e1zu...\" \/>\n<meta property=\"og:description\" content=\"Terapie, mentoring a kou\u010dov\u00e1n\u00ed metodami: kineziologie, kognitivn\u011b behavior\u00e1ln\u00ed terapie, etiko terapie, voice dialog... Mo\u017eno i videohovorem.\" \/>\n<meta property=\"og:url\" content=\"https:\/\/terapie-po-netu.cz\/\" \/>\n<meta property=\"og:site_name\" content=\"Terapie a mentoring\" \/>\n<meta property=\"article:modified_time\" content=\"2024-01-01T13:09:50+00:00\" \/>\n<meta property=\"og:image\" content=\"http:\/\/terapie-po-netu.cz\/wp-content\/uploads\/2013\/04\/moje-QR-vizitka-poradna.png\" \/>\n<meta name=\"twitter:card\" content=\"summary_large_image\" \/>\n<meta name=\"twitter:label1\" content=\"Odhadovan\u00e1 doba \u010dten\u00ed\" \/>\n\t<meta name=\"twitter:data1\" content=\"2 minuty\" \/>\n<script type=\"application\/ld+json\" class=\"yoast-schema-graph\">{\"@context\":\"https:\/\/schema.org\",\"@graph\":[{\"@type\":\"WebPage\",\"@id\":\"https:\/\/terapie-po-netu.cz\/\",\"url\":\"https:\/\/terapie-po-netu.cz\/\",\"name\":\"Terapie, mentoring a kou\u010dov\u00e1n\u00ed p\u0159i probl\u00e9mech r\u016fzn\u00e9ho r\u00e1zu...\",\"isPartOf\":{\"@id\":\"https:\/\/terapie-po-netu.cz\/#website\"},\"primaryImageOfPage\":{\"@id\":\"https:\/\/terapie-po-netu.cz\/#primaryimage\"},\"image\":{\"@id\":\"https:\/\/terapie-po-netu.cz\/#primaryimage\"},\"thumbnailUrl\":\"http:\/\/terapie-po-netu.cz\/wp-content\/uploads\/2013\/04\/moje-QR-vizitka-poradna.png\",\"datePublished\":\"2013-04-02T08:49:30+00:00\",\"dateModified\":\"2024-01-01T13:09:50+00:00\",\"description\":\"Terapie, mentoring a kou\u010dov\u00e1n\u00ed metodami: kineziologie, kognitivn\u011b behavior\u00e1ln\u00ed terapie, etiko terapie, voice dialog... Mo\u017eno i videohovorem.\",\"breadcrumb\":{\"@id\":\"https:\/\/terapie-po-netu.cz\/#breadcrumb\"},\"inLanguage\":\"cs\",\"potentialAction\":[{\"@type\":\"ReadAction\",\"target\":[\"https:\/\/terapie-po-netu.cz\/\"]}]},{\"@type\":\"ImageObject\",\"inLanguage\":\"cs\",\"@id\":\"https:\/\/terapie-po-netu.cz\/#primaryimage\",\"url\":\"http:\/\/terapie-po-netu.cz\/wp-content\/uploads\/2013\/04\/moje-QR-vizitka-poradna.png\",\"contentUrl\":\"http:\/\/terapie-po-netu.cz\/wp-content\/uploads\/2013\/04\/moje-QR-vizitka-poradna.png\"},{\"@type\":\"BreadcrumbList\",\"@id\":\"https:\/\/terapie-po-netu.cz\/#breadcrumb\",\"itemListElement\":[{\"@type\":\"ListItem\",\"position\":1,\"name\":\"Dom\u016f\",\"item\":\"https:\/\/terapie-po-netu.cz\/\"},{\"@type\":\"ListItem\",\"position\":2,\"name\":\"V\u00edtejte na str\u00e1nk\u00e1ch poradny pro regeneraci a rozvoj osobnosti.\"}]},{\"@type\":\"WebSite\",\"@id\":\"https:\/\/terapie-po-netu.cz\/#website\",\"url\":\"https:\/\/terapie-po-netu.cz\/\",\"name\":\"Terapie a mentoring\",\"description\":\"Jana Pra\u017eanov\u00e1\",\"potentialAction\":[{\"@type\":\"SearchAction\",\"target\":{\"@type\":\"EntryPoint\",\"urlTemplate\":\"https:\/\/terapie-po-netu.cz\/?s={search_term_string}\"},\"query-input\":{\"@type\":\"PropertyValueSpecification\",\"valueRequired\":true,\"valueName\":\"search_term_string\"}}],\"inLanguage\":\"cs\"}]}<\/script>\n<!-- \/ Yoast SEO plugin. -->","yoast_head_json":{"title":"Terapie, mentoring a kou\u010dov\u00e1n\u00ed p\u0159i probl\u00e9mech r\u016fzn\u00e9ho r\u00e1zu...","description":"Terapie, mentoring a kou\u010dov\u00e1n\u00ed metodami: kineziologie, kognitivn\u011b behavior\u00e1ln\u00ed terapie, etiko terapie, voice dialog... Mo\u017eno i videohovorem.","robots":{"index":"index","follow":"follow","max-snippet":"max-snippet:-1","max-image-preview":"max-image-preview:large","max-video-preview":"max-video-preview:-1"},"canonical":"https:\/\/terapie-po-netu.cz\/","og_locale":"cs_CZ","og_type":"article","og_title":"Terapie, mentoring a kou\u010dov\u00e1n\u00ed p\u0159i probl\u00e9mech r\u016fzn\u00e9ho r\u00e1zu...","og_description":"Terapie, mentoring a kou\u010dov\u00e1n\u00ed metodami: kineziologie, kognitivn\u011b behavior\u00e1ln\u00ed terapie, etiko terapie, voice dialog... Mo\u017eno i videohovorem.","og_url":"https:\/\/terapie-po-netu.cz\/","og_site_name":"Terapie a mentoring","article_modified_time":"2024-01-01T13:09:50+00:00","og_image":[{"url":"http:\/\/terapie-po-netu.cz\/wp-content\/uploads\/2013\/04\/moje-QR-vizitka-poradna.png","type":"","width":"","height":""}],"twitter_card":"summary_large_image","twitter_misc":{"Odhadovan\u00e1 doba \u010dten\u00ed":"2 minuty"},"schema":{"@context":"https:\/\/schema.org","@graph":[{"@type":"WebPage","@id":"https:\/\/terapie-po-netu.cz\/","url":"https:\/\/terapie-po-netu.cz\/","name":"Terapie, mentoring a kou\u010dov\u00e1n\u00ed p\u0159i probl\u00e9mech r\u016fzn\u00e9ho r\u00e1zu...","isPartOf":{"@id":"https:\/\/terapie-po-netu.cz\/#website"},"primaryImageOfPage":{"@id":"https:\/\/terapie-po-netu.cz\/#primaryimage"},"image":{"@id":"https:\/\/terapie-po-netu.cz\/#primaryimage"},"thumbnailUrl":"http:\/\/terapie-po-netu.cz\/wp-content\/uploads\/2013\/04\/moje-QR-vizitka-poradna.png","datePublished":"2013-04-02T08:49:30+00:00","dateModified":"2024-01-01T13:09:50+00:00","description":"Terapie, mentoring a kou\u010dov\u00e1n\u00ed metodami: kineziologie, kognitivn\u011b behavior\u00e1ln\u00ed terapie, etiko terapie, voice dialog... Mo\u017eno i videohovorem.","breadcrumb":{"@id":"https:\/\/terapie-po-netu.cz\/#breadcrumb"},"inLanguage":"cs","potentialAction":[{"@type":"ReadAction","target":["https:\/\/terapie-po-netu.cz\/"]}]},{"@type":"ImageObject","inLanguage":"cs","@id":"https:\/\/terapie-po-netu.cz\/#primaryimage","url":"http:\/\/terapie-po-netu.cz\/wp-content\/uploads\/2013\/04\/moje-QR-vizitka-poradna.png","contentUrl":"http:\/\/terapie-po-netu.cz\/wp-content\/uploads\/2013\/04\/moje-QR-vizitka-poradna.png"},{"@type":"BreadcrumbList","@id":"https:\/\/terapie-po-netu.cz\/#breadcrumb","itemListElement":[{"@type":"ListItem","position":1,"name":"Dom\u016f","item":"https:\/\/terapie-po-netu.cz\/"},{"@type":"ListItem","position":2,"name":"V\u00edtejte na str\u00e1nk\u00e1ch poradny pro regeneraci a rozvoj osobnosti."}]},{"@type":"WebSite","@id":"https:\/\/terapie-po-netu.cz\/#website","url":"https:\/\/terapie-po-netu.cz\/","name":"Terapie a mentoring","description":"Jana Pra\u017eanov\u00e1","potentialAction":[{"@type":"SearchAction","target":{"@type":"EntryPoint","urlTemplate":"https:\/\/terapie-po-netu.cz\/?s={search_term_string}"},"query-input":{"@type":"PropertyValueSpecification","valueRequired":true,"valueName":"search_term_string"}}],"inLanguage":"cs"}]}},"jetpack_shortlink":"https:\/\/wp.me\/P4XxZX-C","jetpack_sharing_enabled":true,"jetpack_likes_enabled":true,"_links":{"self":[{"href":"https:\/\/terapie-po-netu.cz\/index.php?rest_route=\/wp\/v2\/pages\/38","targetHints":{"allow":["GET"]}}],"collection":[{"href":"https:\/\/terapie-po-netu.cz\/index.php?rest_route=\/wp\/v2\/pages"}],"about":[{"href":"https:\/\/terapie-po-netu.cz\/index.php?rest_route=\/wp\/v2\/types\/page"}],"author":[{"embeddable":true,"href":"https:\/\/terapie-po-netu.cz\/index.php?rest_route=\/wp\/v2\/users\/1"}],"replies":[{"embeddable":true,"href":"https:\/\/terapie-po-netu.cz\/index.php?rest_route=%2Fwp%2Fv2%2Fcomments&post=38"}],"version-history":[{"count":81,"href":"https:\/\/terapie-po-netu.cz\/index.php?rest_route=\/wp\/v2\/pages\/38\/revisions"}],"predecessor-version":[{"id":2291,"href":"https:\/\/terapie-po-netu.cz\/index.php?rest_route=\/wp\/v2\/pages\/38\/revisions\/2291"}],"wp:attachment":[{"href":"https:\/\/terapie-po-netu.cz\/index.php?rest_route=%2Fwp%2Fv2%2Fmedia&parent=38"}],"curies":[{"name":"wp","href":"https:\/\/api.w.org\/{rel}","templated":true}]}}