{"id":478,"date":"2014-01-08T09:31:42","date_gmt":"2014-01-08T08:31:42","guid":{"rendered":"http:\/\/www.terapie-po-netu.cz\/?page_id=478"},"modified":"2021-01-22T16:07:22","modified_gmt":"2021-01-22T15:07:22","slug":"kalendar-akci","status":"publish","type":"page","link":"https:\/\/terapie-po-netu.cz\/?page_id=478","title":{"rendered":"Kalend\u00e1\u0159 akc\u00ed"},"content":{"rendered":"<p>Moment\u00e1ln\u011b nen\u00ed vypsan\u00fd \u017e\u00e1dn\u00fd semin\u00e1\u0159.<\/p>\n<p style=\"text-align: left;\">Konstelace i jin\u00e9 semin\u00e1\u0159e se konaj\u00ed v B\u00e1nov\u011b u Uhersk\u00e9ho Brodu \u010d. p. 155<\/p>\n<p style=\"text-align: left;\">P\u0159ihlaste se na mailu jprazanova@gmail.com nebo na telefonu: 608 120 042<\/p>\n<p style=\"text-align: center;\">\u00a0<strong>SYSTEMICK\u00c9 KONSTELACE<br \/>\n<\/strong><\/p>\n<p>V\u00edce o konstelac\u00edch si m\u016f\u017eete p\u0159e\u010d\u00edst v p\u0159\u00edsp\u011bvku <a href=\"http:\/\/terapie-po-netu.cz\/?p=496&amp;preview=true&amp;preview_id=496&amp;preview_nonce=e1993b5fc4&amp;post_format=standard\">CO JSOU SYSTEMICK\u00c9 KONSTELACE<\/a><\/p>\n<p>T\u00e9ma konstelac\u00ed: dle zak\u00e1zek klient\u016f.<\/p>\n<p>U ve\u010dern\u00edch konstelac\u00ed je \u00fa\u010dastnick\u00fd poplatek bez konstelace 300,- K\u010d,\u00a0 s postaven\u00edm\u00a0 konstelace 500,- K\u010d.<\/p>\n<p style=\"text-align: center;\"><strong>ASTROLOGICK\u00c9 KONSTELACE<\/strong><\/p>\n<p>Planety v horoskopu vyjad\u0159uj\u00ed v symbolick\u00e9 podob\u011b \u010d\u00e1sti a energie n\u00e1s samotn\u00fdch &#8211; emoce, my\u0161lenky, energie, pudy, schopnosti\u2026 Astrologick\u00e9 konstelace umo\u017e\u0148uj\u00ed hloub\u011bji nahl\u00e9dnout \u010d\u00e1sti na\u0161\u00ed osobnosti, uv\u011bdomit si je a uv\u00e9st do v\u011bt\u0161\u00ed harmonie. Pomohou n\u00e1m zm\u011bnit skryt\u00e9 vzorce jak ve vn\u011bj\u0161\u00edch oblastech na\u0161eho \u017eivota: vztahy, rodina, pr\u00e1ce, \u00fasp\u011bch, pen\u00edze &#8211; tak i vztah k sob\u011b sam\u00e9mu &#8211; my\u0161lenkov\u00e1 a emo\u010dn\u00ed sch\u00e9mata, sebe\u00factu, motivaci, strachy, touhy a pot\u0159eby. <strong><u>Astrologick\u00e9 konstelace v sob\u011b spojuj\u00ed astrologii, psychologick\u00fd vhled a konstela\u010dn\u00ed pr\u00e1ci<\/u><\/strong>, podobnou v n\u011bkter\u00fdch principech zn\u00e1m\u00fdm rodinn\u00fdm konstelac\u00edm. Pro \u00fa\u010dast na semin\u00e1\u0159i nejsou nutn\u00e9 astrologick\u00e9 znalosti, budeme pracovat p\u0159edev\u0161\u00edm s p\u0159\u00edm\u00fdm pro\u017eitkem.<\/p>\n<p>Po\u0161lete mn\u011b pros\u00edm spolu s objedn\u00e1n\u00edm DATUM, M\u00cdSTO A \u010cAS NAROZEN\u00cd.<\/p>\n<p>\u00da\u010dastnick\u00fd poplatek bez konstelace 300,- K\u010d,\u00a0 s postaven\u00edm\u00a0 konstelace 500,- K\u010d.<\/p>\n<p style=\"text-align: center;\"><strong>KONSTELACE POH\u00c1DEK A M\u00ddT\u016e<\/strong><\/p>\n<p>V tomto p\u0159\u00edpad\u011b Systemick\u00e9 konstelace pracuj\u00ed s Va\u0161\u00ed obl\u00edbenou poh\u00e1dkou, b\u00e1j\u00ed nebo p\u0159\u00edb\u011bhem z filmu \u010di knihy, aby V\u00e1m pomohly nal\u00e9zt sc\u00e9n\u00e1\u0159, se kter\u00fdm jste se mo\u017en\u00e1 jako mal\u00e9 d\u00edt\u011b ztoto\u017enili, a kter\u00fd te\u010f neviditeln\u011b ovliv\u0148uje V\u00e1\u0161 \u017eivot. \u00a0D\u011bj\u00ed se n\u00e1m po\u0159\u00e1d stejn\u00e9 v\u011bci a my nev\u00edme pro\u010d. \u010cek\u00e1me, a\u017e p\u0159ijede princ na b\u00edl\u00e9m koni a zachr\u00e1n\u00ed n\u00e1s, v\u011b\u0159\u00edme, \u017ee kdy\u017e budeme hodn\u00e9 a skromn\u00e9 jako Popelka, tak si n\u00e1s tak\u00e9 jednoho dne vybere bohat\u00fd princ, nebo \u017ee kdy\u017e zabijeme draka, a p\u0159i tom souboji p\u0159inejmen\u0161\u00edm nezem\u0159eme my, ale drak, a tak si zaslou\u017e\u00edme princeznu\u2026 Poh\u00e1dky obecn\u011b jsou pln\u00e9 archetyp\u016f, a ka\u017ed\u00fd z n\u00e1s se ztoto\u017e\u0148uje s t\u011bmi, kter\u00e9 n\u00e1s nejv\u00edce oslovuj\u00ed. <strong><u>Semin\u00e1\u0159 Konstelace poh\u00e1dek a m\u00fdt\u016f je specifickou formou sebepozn\u00e1n\u00ed<\/u><\/strong> a to, co na za\u010d\u00e1tku za\u010dne jako poh\u00e1dka, se m\u016f\u017ee b\u011bhem stav\u011bn\u00ed konstelace zm\u011bnit i v\u00a0adrenalinov\u00fd ak\u010dn\u00ed trailer, kdy na sv\u011btlo sv\u011bta vych\u00e1zej\u00ed nabalen\u00e9 vrstvy na\u0161ich iluz\u00ed a nedovedn\u00fdch p\u0159edstav o \u017eivot\u011b, a s nimi spojen\u00fdch nedovedn\u00fdch emoc\u00ed, kter\u00e9 n\u00e1s mohou u\u017e dlouhou dobu tr\u00e1pit a ovl\u00e1dat. <strong><u>Zde dostanete \u0161anci objasnit hlub\u0161\u00ed souvislosti Va\u0161eho \u017eivota, objevit V\u00e1\u0161 skryt\u00fd potenci\u00e1l a hlavn\u011b &#8211; dal\u0161\u00ed \u017eivot \u017e\u00edt svobodn\u011bj\u0161\u00ed a v\u011bdom\u011bj\u0161\u00ed.<\/u><\/strong><\/p>\n<p>\u00da\u010dastnick\u00fd poplatek bez konstelace 300,- K\u010d,\u00a0 s postaven\u00edm\u00a0 konstelace 500,- K\u010d.<\/p>\n<p style=\"text-align: center;\"><strong>Semin\u00e1\u0159\u00a0 VNIT\u0158N\u00cd SV\u011aTY<br \/>\n<\/strong><\/p>\n<p>Zvu v\u00e1s na \u0161amanskou cestu do vnit\u0159n\u00edch sv\u011bt\u016f &#8211; do doln\u00edho sv\u011bta, do horn\u00edho sv\u011bta; k\u00a0 nalezen\u00ed sv\u00e9ho silov\u00e9ho m\u00edsta; k setk\u00e1n\u00ed se silov\u00fdm zv\u00ed\u0159etem; k nalezen\u00ed vnit\u0159n\u00edho u\u010ditele a pr\u016fvodce&#8230;<\/p>\n<p>V\u00edce najdete v p\u0159\u00edsp\u011bvku <a href=\"http:\/\/terapie-po-netu.cz\/?p=1104\">SEMIN\u00c1\u0158 VNIT\u0158N\u00cd SV\u011aTY<\/a><\/p>\n<p>Jedn\u00e1 se o prvn\u00ed semin\u00e1\u0159 z cyklu z\u00e1\u017eitkov\u00fdch semin\u00e1\u0159\u016f. V\u00edce v p\u0159\u00edsp\u011bvku:\u00a0 \u00a0 \u00a0 \u00a0 \u00a0 \u00a0 \u00a0 \u00a0 <a href=\"http:\/\/terapie-po-netu.cz\/?p=1083\">CYKLUS SEMIN\u00c1\u0158\u016e Transformace V\u011aDOM\u00cd, transformace BYT\u00cd<\/a><\/p>\n<p>\u00da\u010dastnick\u00fd poplatek: 500,- K\u010d.<\/p>\n<p style=\"text-align: center;\"><strong>Semin\u00e1\u0159\u00a0 M\u00c9 IDE\u00c1LN\u00cd J\u00c1<br \/>\n<\/strong><\/p>\n<p>Zvu V\u00e1s k pozn\u00e1v\u00e1n\u00ed sebe sama, k nalezen\u00ed dovedn\u00fdch viz\u00ed, c\u00edl\u016f, z\u00e1m\u011br\u016f, k nalezen\u00ed sv\u00e9ho \u017eivotn\u00edho posl\u00e1n\u00ed&#8230;<\/p>\n<p>V\u00edce najdete v p\u0159\u00edp\u011bvku <a href=\"http:\/\/terapie-po-netu.cz\/?page_id=349\">Semin\u00e1\u0159 M\u00c9 IDE\u00c1LN\u00cd J\u00c1<\/a><\/p>\n<p>Jedn\u00e1 se o druh\u00fd semin\u00e1\u0159 z cyklu z\u00e1\u017eitkov\u00fdch semin\u00e1\u0159\u016f. V\u00edce v p\u0159\u00edsp\u011bvku:\u00a0\u00a0\u00a0 <a href=\"http:\/\/terapie-po-netu.cz\/?p=1083\">CYKLUS SEMIN\u00c1\u0158\u016e Transformace V\u011aDOM\u00cd, transformace BYT\u00cd<\/a><\/p>\n<p>\u00da\u010dastnick\u00fd poplatek: 500,- K\u010d.<\/p>\n","protected":false},"excerpt":{"rendered":"<p>Moment\u00e1ln\u011b nen\u00ed vypsan\u00fd \u017e\u00e1dn\u00fd semin\u00e1\u0159. Konstelace i jin\u00e9 semin\u00e1\u0159e se konaj\u00ed v B\u00e1nov\u011b u Uhersk\u00e9ho Brodu \u010d. p. 155 P\u0159ihlaste se na [&hellip;]<\/p>\n","protected":false},"author":1,"featured_media":0,"parent":0,"menu_order":5,"comment_status":"open","ping_status":"closed","template":"","meta":{"jetpack_post_was_ever_published":false,"footnotes":"","_links_to":"","_links_to_target":""},"class_list":["post-478","page","type-page","status-publish","hentry"],"yoast_head":"<!-- This site is optimized with the Yoast SEO plugin v27.2 - https:\/\/yoast.com\/product\/yoast-seo-wordpress\/ -->\n<title>Konstelace, Cyklus semin\u00e1\u0159\u016f...<\/title>\n<meta name=\"description\" content=\"Semin\u00e1\u0159e, kter\u00e9 V\u00e1m pomohou k napln\u011bn\u00e9mu a spokojen\u00e9mu \u017eivotu\" \/>\n<meta name=\"robots\" content=\"index, follow, max-snippet:-1, max-image-preview:large, max-video-preview:-1\" \/>\n<link rel=\"canonical\" href=\"https:\/\/terapie-po-netu.cz\/?page_id=478\" \/>\n<meta property=\"og:locale\" content=\"cs_CZ\" \/>\n<meta property=\"og:type\" content=\"article\" \/>\n<meta property=\"og:title\" content=\"Konstelace, Cyklus semin\u00e1\u0159\u016f...\" \/>\n<meta property=\"og:description\" content=\"Semin\u00e1\u0159e, kter\u00e9 V\u00e1m pomohou k napln\u011bn\u00e9mu a spokojen\u00e9mu \u017eivotu\" \/>\n<meta property=\"og:url\" content=\"https:\/\/terapie-po-netu.cz\/?page_id=478\" \/>\n<meta property=\"og:site_name\" content=\"Terapie a mentoring\" \/>\n<meta property=\"article:modified_time\" content=\"2021-01-22T15:07:22+00:00\" \/>\n<meta name=\"twitter:card\" content=\"summary_large_image\" \/>\n<meta name=\"twitter:label1\" content=\"Odhadovan\u00e1 doba \u010dten\u00ed\" \/>\n\t<meta name=\"twitter:data1\" content=\"3 minuty\" \/>\n<script type=\"application\/ld+json\" class=\"yoast-schema-graph\">{\"@context\":\"https:\/\/schema.org\",\"@graph\":[{\"@type\":\"WebPage\",\"@id\":\"https:\/\/terapie-po-netu.cz\/?page_id=478\",\"url\":\"https:\/\/terapie-po-netu.cz\/?page_id=478\",\"name\":\"Konstelace, Cyklus semin\u00e1\u0159\u016f...\",\"isPartOf\":{\"@id\":\"https:\/\/terapie-po-netu.cz\/#website\"},\"datePublished\":\"2014-01-08T08:31:42+00:00\",\"dateModified\":\"2021-01-22T15:07:22+00:00\",\"description\":\"Semin\u00e1\u0159e, kter\u00e9 V\u00e1m pomohou k napln\u011bn\u00e9mu a spokojen\u00e9mu \u017eivotu\",\"breadcrumb\":{\"@id\":\"https:\/\/terapie-po-netu.cz\/?page_id=478#breadcrumb\"},\"inLanguage\":\"cs\",\"potentialAction\":[{\"@type\":\"ReadAction\",\"target\":[\"https:\/\/terapie-po-netu.cz\/?page_id=478\"]}]},{\"@type\":\"BreadcrumbList\",\"@id\":\"https:\/\/terapie-po-netu.cz\/?page_id=478#breadcrumb\",\"itemListElement\":[{\"@type\":\"ListItem\",\"position\":1,\"name\":\"Dom\u016f\",\"item\":\"https:\/\/terapie-po-netu.cz\/\"},{\"@type\":\"ListItem\",\"position\":2,\"name\":\"Kalend\u00e1\u0159 akc\u00ed\"}]},{\"@type\":\"WebSite\",\"@id\":\"https:\/\/terapie-po-netu.cz\/#website\",\"url\":\"https:\/\/terapie-po-netu.cz\/\",\"name\":\"Terapie a mentoring\",\"description\":\"Jana Pra\u017eanov\u00e1\",\"potentialAction\":[{\"@type\":\"SearchAction\",\"target\":{\"@type\":\"EntryPoint\",\"urlTemplate\":\"https:\/\/terapie-po-netu.cz\/?s={search_term_string}\"},\"query-input\":{\"@type\":\"PropertyValueSpecification\",\"valueRequired\":true,\"valueName\":\"search_term_string\"}}],\"inLanguage\":\"cs\"}]}<\/script>\n<!-- \/ Yoast SEO plugin. -->","yoast_head_json":{"title":"Konstelace, Cyklus semin\u00e1\u0159\u016f...","description":"Semin\u00e1\u0159e, kter\u00e9 V\u00e1m pomohou k napln\u011bn\u00e9mu a spokojen\u00e9mu \u017eivotu","robots":{"index":"index","follow":"follow","max-snippet":"max-snippet:-1","max-image-preview":"max-image-preview:large","max-video-preview":"max-video-preview:-1"},"canonical":"https:\/\/terapie-po-netu.cz\/?page_id=478","og_locale":"cs_CZ","og_type":"article","og_title":"Konstelace, Cyklus semin\u00e1\u0159\u016f...","og_description":"Semin\u00e1\u0159e, kter\u00e9 V\u00e1m pomohou k napln\u011bn\u00e9mu a spokojen\u00e9mu \u017eivotu","og_url":"https:\/\/terapie-po-netu.cz\/?page_id=478","og_site_name":"Terapie a mentoring","article_modified_time":"2021-01-22T15:07:22+00:00","twitter_card":"summary_large_image","twitter_misc":{"Odhadovan\u00e1 doba \u010dten\u00ed":"3 minuty"},"schema":{"@context":"https:\/\/schema.org","@graph":[{"@type":"WebPage","@id":"https:\/\/terapie-po-netu.cz\/?page_id=478","url":"https:\/\/terapie-po-netu.cz\/?page_id=478","name":"Konstelace, Cyklus semin\u00e1\u0159\u016f...","isPartOf":{"@id":"https:\/\/terapie-po-netu.cz\/#website"},"datePublished":"2014-01-08T08:31:42+00:00","dateModified":"2021-01-22T15:07:22+00:00","description":"Semin\u00e1\u0159e, kter\u00e9 V\u00e1m pomohou k napln\u011bn\u00e9mu a spokojen\u00e9mu \u017eivotu","breadcrumb":{"@id":"https:\/\/terapie-po-netu.cz\/?page_id=478#breadcrumb"},"inLanguage":"cs","potentialAction":[{"@type":"ReadAction","target":["https:\/\/terapie-po-netu.cz\/?page_id=478"]}]},{"@type":"BreadcrumbList","@id":"https:\/\/terapie-po-netu.cz\/?page_id=478#breadcrumb","itemListElement":[{"@type":"ListItem","position":1,"name":"Dom\u016f","item":"https:\/\/terapie-po-netu.cz\/"},{"@type":"ListItem","position":2,"name":"Kalend\u00e1\u0159 akc\u00ed"}]},{"@type":"WebSite","@id":"https:\/\/terapie-po-netu.cz\/#website","url":"https:\/\/terapie-po-netu.cz\/","name":"Terapie a mentoring","description":"Jana Pra\u017eanov\u00e1","potentialAction":[{"@type":"SearchAction","target":{"@type":"EntryPoint","urlTemplate":"https:\/\/terapie-po-netu.cz\/?s={search_term_string}"},"query-input":{"@type":"PropertyValueSpecification","valueRequired":true,"valueName":"search_term_string"}}],"inLanguage":"cs"}]}},"jetpack_shortlink":"https:\/\/wp.me\/P4XxZX-7I","jetpack_sharing_enabled":true,"jetpack_likes_enabled":true,"_links":{"self":[{"href":"https:\/\/terapie-po-netu.cz\/index.php?rest_route=\/wp\/v2\/pages\/478","targetHints":{"allow":["GET"]}}],"collection":[{"href":"https:\/\/terapie-po-netu.cz\/index.php?rest_route=\/wp\/v2\/pages"}],"about":[{"href":"https:\/\/terapie-po-netu.cz\/index.php?rest_route=\/wp\/v2\/types\/page"}],"author":[{"embeddable":true,"href":"https:\/\/terapie-po-netu.cz\/index.php?rest_route=\/wp\/v2\/users\/1"}],"replies":[{"embeddable":true,"href":"https:\/\/terapie-po-netu.cz\/index.php?rest_route=%2Fwp%2Fv2%2Fcomments&post=478"}],"version-history":[{"count":33,"href":"https:\/\/terapie-po-netu.cz\/index.php?rest_route=\/wp\/v2\/pages\/478\/revisions"}],"predecessor-version":[{"id":1945,"href":"https:\/\/terapie-po-netu.cz\/index.php?rest_route=\/wp\/v2\/pages\/478\/revisions\/1945"}],"wp:attachment":[{"href":"https:\/\/terapie-po-netu.cz\/index.php?rest_route=%2Fwp%2Fv2%2Fmedia&parent=478"}],"curies":[{"name":"wp","href":"https:\/\/api.w.org\/{rel}","templated":true}]}}